{"id":5300,"date":"2024-04-27T10:12:36","date_gmt":"2024-04-27T10:12:36","guid":{"rendered":"https:\/\/demo.awaikenthemes.com\/theme-aerologix\/?page_id=5300"},"modified":"2025-03-16T14:43:12","modified_gmt":"2025-03-16T13:43:12","slug":"fret-aerien","status":"publish","type":"page","link":"https:\/\/www.kreyolfret.com\/index.php\/services\/fret-aerien\/","title":{"rendered":"Fret a\u00e9rien"},"content":{"rendered":"\t\t<div data-elementor-type=\"wp-page\" data-elementor-id=\"5300\" class=\"elementor elementor-5300\">\n\t\t\t\t<div class=\"elementor-element elementor-element-39248c5 e-flex e-con-boxed e-con e-parent\" data-id=\"39248c5\" data-element_type=\"container\" data-e-type=\"container\" data-settings=\"{&quot;background_background&quot;:&quot;classic&quot;}\">\n\t\t\t\t\t<div class=\"e-con-inner\">\n\t\t<div class=\"elementor-element elementor-element-4933f5e e-flex e-con-boxed e-con e-child\" data-id=\"4933f5e\" data-element_type=\"container\" data-e-type=\"container\">\n\t\t\t\t\t<div class=\"e-con-inner\">\n\t\t\t\t<div class=\"elementor-element elementor-element-b29aa98 at-heading-animation at-animation-heading-style-3 elementor-widget elementor-widget-heading\" data-id=\"b29aa98\" data-element_type=\"widget\" data-e-type=\"widget\" data-settings=\"{&quot;ekit_we_effect_on&quot;:&quot;none&quot;}\" data-widget_type=\"heading.default\">\n\t\t\t\t<div class=\"elementor-widget-container\">\n\t\t\t\t\t<h1 class=\"elementor-heading-title elementor-size-default\">Fret a\u00e9rien<\/h1>\t\t\t\t<\/div>\n\t\t\t\t<\/div>\n\t\t\t\t\t<\/div>\n\t\t\t\t<\/div>\n\t\t\t\t\t<\/div>\n\t\t\t\t<\/div>\n\t\t<div class=\"elementor-element elementor-element-3a9e1b8 e-flex e-con-boxed e-con e-parent\" data-id=\"3a9e1b8\" data-element_type=\"container\" data-e-type=\"container\">\n\t\t\t\t\t<div class=\"e-con-inner\">\n\t\t<div class=\"elementor-element elementor-element-13d6924 e-con-full e-flex e-con e-child\" data-id=\"13d6924\" data-element_type=\"container\" data-e-type=\"container\">\n\t\t<div class=\"elementor-element elementor-element-9557935 e-con-full e-flex e-con e-child\" data-id=\"9557935\" data-element_type=\"container\" data-e-type=\"container\">\n\t\t\t\t<div class=\"elementor-element elementor-element-5cc2f2e at-image-animation at-animation-image-style-1 image-anime elementor-widget elementor-widget-image\" data-id=\"5cc2f2e\" data-element_type=\"widget\" data-e-type=\"widget\" data-settings=\"{&quot;ekit_we_effect_on&quot;:&quot;none&quot;}\" data-widget_type=\"image.default\">\n\t\t\t\t<div class=\"elementor-widget-container\">\n\t\t\t\t\t\t\t\t\t\t\t\t\t\t\t<img decoding=\"async\" src=\"https:\/\/demo.awaikenthemes.com\/theme-aerologix\/wp-content\/uploads\/2024\/04\/service-2.jpg\" title=\"\" alt=\"\" loading=\"lazy\" \/>\t\t\t\t\t\t\t\t\t\t\t\t\t\t\t<\/div>\n\t\t\t\t<\/div>\n\t\t\t\t<\/div>\n\t\t<div class=\"elementor-element elementor-element-e3686c6 e-con-full e-flex e-con e-child\" data-id=\"e3686c6\" data-element_type=\"container\" data-e-type=\"container\">\n\t\t\t\t<div class=\"elementor-element elementor-element-e4ab44f at-heading-animation at-animation-heading-style-3 elementor-widget elementor-widget-heading\" data-id=\"e4ab44f\" data-element_type=\"widget\" data-e-type=\"widget\" data-settings=\"{&quot;ekit_we_effect_on&quot;:&quot;none&quot;}\" data-widget_type=\"heading.default\">\n\t\t\t\t<div class=\"elementor-widget-container\">\n\t\t\t\t\t<h2 class=\"elementor-heading-title elementor-size-default\">Fret a\u00e9rien<\/h2>\t\t\t\t<\/div>\n\t\t\t\t<\/div>\n\t\t\t\t<div class=\"elementor-element elementor-element-8d54485 elementor-invisible elementor-widget elementor-widget-text-editor\" data-id=\"8d54485\" data-element_type=\"widget\" data-e-type=\"widget\" data-settings=\"{&quot;_animation&quot;:&quot;fadeInUp&quot;,&quot;_animation_delay&quot;:100,&quot;ekit_we_effect_on&quot;:&quot;none&quot;}\" data-widget_type=\"text-editor.default\">\n\t\t\t\t<div class=\"elementor-widget-container\">\n\t\t\t\t\t\t\t\t\t<div>L&rsquo;exp\u00e9dition de vos colis par voie a\u00e9rienne se fait deux fois par semaine.<\/div><div dir=\"auto\">Nous prenons en charge l&rsquo;acheminement de vos effets personnels, de vos exc\u00e9dents de bagages, dans le cadre d\u2019un voyage touristique, d\u2019un d\u00e9m\u00e9nagement ou encore d\u2019une mutation professionnelle.\u00a0<\/div><div dir=\"auto\">Pr\u00e9voir 3 jours \u00e0 compter du d\u00e9part \u00e0 Orly pour r\u00e9cup\u00e9rer les colis \u00e0 la Martinique et \u00e0 la Guadeloupe.<\/div>\t\t\t\t\t\t\t\t<\/div>\n\t\t\t\t<\/div>\n\t\t\t\t<\/div>\n\t\t<div class=\"elementor-element elementor-element-e678ff4 e-con-full e-flex e-con e-child\" data-id=\"e678ff4\" data-element_type=\"container\" data-e-type=\"container\">\n\t\t<div class=\"elementor-element elementor-element-b2ed1b2 e-con-full e-flex elementor-invisible e-con e-child\" data-id=\"b2ed1b2\" data-element_type=\"container\" data-e-type=\"container\" data-settings=\"{&quot;animation&quot;:&quot;fadeInUp&quot;,&quot;animation_delay&quot;:100}\">\n\t\t\t\t<div class=\"elementor-element elementor-element-2ded50d image-anime at-image-animation at-animation-image-none elementor-widget elementor-widget-image\" data-id=\"2ded50d\" data-element_type=\"widget\" data-e-type=\"widget\" data-settings=\"{&quot;ekit_we_effect_on&quot;:&quot;none&quot;}\" data-widget_type=\"image.default\">\n\t\t\t\t<div class=\"elementor-widget-container\">\n\t\t\t\t\t\t\t\t\t\t\t\t\t\t\t<img fetchpriority=\"high\" decoding=\"async\" width=\"768\" height=\"1024\" src=\"https:\/\/www.kreyolfret.com\/wp-content\/uploads\/2024\/10\/fret-aerien-768x1024.jpg\" class=\"attachment-large size-large wp-image-5840\" alt=\"\" srcset=\"https:\/\/www.kreyolfret.com\/wp-content\/uploads\/2024\/10\/fret-aerien-768x1024.jpg 768w, https:\/\/www.kreyolfret.com\/wp-content\/uploads\/2024\/10\/fret-aerien-225x300.jpg 225w, https:\/\/www.kreyolfret.com\/wp-content\/uploads\/2024\/10\/fret-aerien-1152x1536.jpg 1152w, https:\/\/www.kreyolfret.com\/wp-content\/uploads\/2024\/10\/fret-aerien.jpg 1200w\" sizes=\"(max-width: 768px) 100vw, 768px\" \/>\t\t\t\t\t\t\t\t\t\t\t\t\t\t\t<\/div>\n\t\t\t\t<\/div>\n\t\t\t\t<\/div>\n\t\t<div class=\"elementor-element elementor-element-d2b3846 e-con-full e-flex elementor-invisible e-con e-child\" data-id=\"d2b3846\" data-element_type=\"container\" data-e-type=\"container\" data-settings=\"{&quot;animation&quot;:&quot;fadeInUp&quot;,&quot;animation_delay&quot;:200}\">\n\t\t\t\t<\/div>\n\t\t\t\t<\/div>\n\t\t\t\t<\/div>\n\t\t<div class=\"elementor-element elementor-element-3f89c62 e-con-full e-flex e-con e-child\" data-id=\"3f89c62\" data-element_type=\"container\" data-e-type=\"container\">\n\t\t\t\t<div class=\"elementor-element elementor-element-e466be4 elementor-widget elementor-widget-aerologix-elementor-template\" data-id=\"e466be4\" data-element_type=\"widget\" data-e-type=\"widget\" data-settings=\"{&quot;ekit_we_effect_on&quot;:&quot;none&quot;}\" data-widget_type=\"aerologix-elementor-template.default\">\n\t\t\t\t<div class=\"elementor-widget-container\">\n\t\t\t\t\t\t\t<div class=\"elementor-template\">\n\t\t\t\t\t<\/div>\n\t\t\t\t\t\t<\/div>\n\t\t\t\t<\/div>\n\t\t\t\t<\/div>\n\t\t\t\t\t<\/div>\n\t\t\t\t<\/div>\n\t\t\t\t<\/div>\n\t\t","protected":false},"excerpt":{"rendered":"<p>Fret a\u00e9rien Fret a\u00e9rien L&rsquo;exp\u00e9dition de vos colis par voie a\u00e9rienne se fait deux fois par semaine.Nous prenons en charge l&rsquo;acheminement de vos effets personnels, de vos exc\u00e9dents de bagages, dans le cadre d\u2019un voyage touristique, d\u2019un d\u00e9m\u00e9nagement ou encore d\u2019une mutation professionnelle.\u00a0Pr\u00e9voir 3 jours \u00e0 compter du d\u00e9part \u00e0 Orly pour r\u00e9cup\u00e9rer les colis [&hellip;]<\/p>\n","protected":false},"author":1,"featured_media":0,"parent":856,"menu_order":0,"comment_status":"closed","ping_status":"closed","template":"elementor_header_footer","meta":{"footnotes":""},"class_list":["post-5300","page","type-page","status-publish","hentry"],"yoast_head":"<!-- This site is optimized with the Yoast SEO plugin v27.2 - https:\/\/yoast.com\/product\/yoast-seo-wordpress\/ -->\n<title>Fret a\u00e9rien - Kreyol Fret<\/title>\n<meta name=\"description\" content=\"Kreyol Fret, votre partenaire de confiance pour l\u2019exp\u00e9dition s\u00e9curis\u00e9e de colis et de fret vers les Antilles.\" \/>\n<meta name=\"robots\" content=\"index, follow, max-snippet:-1, max-image-preview:large, max-video-preview:-1\" \/>\n<link rel=\"canonical\" href=\"https:\/\/www.kreyolfret.com\/index.php\/services\/fret-aerien\/\" \/>\n<meta property=\"og:locale\" content=\"fr_FR\" \/>\n<meta property=\"og:type\" content=\"article\" \/>\n<meta property=\"og:title\" content=\"Fret a\u00e9rien - Kreyol Fret\" \/>\n<meta property=\"og:description\" content=\"Kreyol Fret, votre partenaire de confiance pour l\u2019exp\u00e9dition s\u00e9curis\u00e9e de colis et de fret vers les Antilles.\" \/>\n<meta property=\"og:url\" content=\"https:\/\/www.kreyolfret.com\/index.php\/services\/fret-aerien\/\" \/>\n<meta property=\"og:site_name\" content=\"Kreyol Fret\" \/>\n<meta property=\"article:publisher\" content=\"https:\/\/www.facebook.com\/profile.php?id=61566351793092\" \/>\n<meta property=\"article:modified_time\" content=\"2025-03-16T13:43:12+00:00\" \/>\n<meta property=\"og:image\" content=\"https:\/\/demo.awaikenthemes.com\/theme-aerologix\/wp-content\/uploads\/2024\/04\/service-2.jpg\" \/>\n<meta name=\"twitter:card\" content=\"summary_large_image\" \/>\n<meta name=\"twitter:label1\" content=\"Dur\u00e9e de lecture estim\u00e9e\" \/>\n\t<meta name=\"twitter:data1\" content=\"1 minute\" \/>\n<script type=\"application\/ld+json\" class=\"yoast-schema-graph\">{\"@context\":\"https:\/\/schema.org\",\"@graph\":[{\"@type\":\"WebPage\",\"@id\":\"https:\/\/www.kreyolfret.com\/index.php\/services\/fret-aerien\/\",\"url\":\"https:\/\/www.kreyolfret.com\/index.php\/services\/fret-aerien\/\",\"name\":\"Fret a\u00e9rien - Kreyol Fret\",\"isPartOf\":{\"@id\":\"https:\/\/www.kreyolfret.com\/#website\"},\"primaryImageOfPage\":{\"@id\":\"https:\/\/www.kreyolfret.com\/index.php\/services\/fret-aerien\/#primaryimage\"},\"image\":{\"@id\":\"https:\/\/www.kreyolfret.com\/index.php\/services\/fret-aerien\/#primaryimage\"},\"thumbnailUrl\":\"https:\/\/demo.awaikenthemes.com\/theme-aerologix\/wp-content\/uploads\/2024\/04\/service-2.jpg\",\"datePublished\":\"2024-04-27T10:12:36+00:00\",\"dateModified\":\"2025-03-16T13:43:12+00:00\",\"description\":\"Kreyol Fret, votre partenaire de confiance pour l\u2019exp\u00e9dition s\u00e9curis\u00e9e de colis et de fret vers les Antilles.\",\"breadcrumb\":{\"@id\":\"https:\/\/www.kreyolfret.com\/index.php\/services\/fret-aerien\/#breadcrumb\"},\"inLanguage\":\"fr-FR\",\"potentialAction\":[{\"@type\":\"ReadAction\",\"target\":[\"https:\/\/www.kreyolfret.com\/index.php\/services\/fret-aerien\/\"]}]},{\"@type\":\"ImageObject\",\"inLanguage\":\"fr-FR\",\"@id\":\"https:\/\/www.kreyolfret.com\/index.php\/services\/fret-aerien\/#primaryimage\",\"url\":\"https:\/\/demo.awaikenthemes.com\/theme-aerologix\/wp-content\/uploads\/2024\/04\/service-2.jpg\",\"contentUrl\":\"https:\/\/demo.awaikenthemes.com\/theme-aerologix\/wp-content\/uploads\/2024\/04\/service-2.jpg\"},{\"@type\":\"BreadcrumbList\",\"@id\":\"https:\/\/www.kreyolfret.com\/index.php\/services\/fret-aerien\/#breadcrumb\",\"itemListElement\":[{\"@type\":\"ListItem\",\"position\":1,\"name\":\"Accueil\",\"item\":\"https:\/\/www.kreyolfret.com\/\"},{\"@type\":\"ListItem\",\"position\":2,\"name\":\"Services\",\"item\":\"https:\/\/www.kreyolfret.com\/index.php\/services\/\"},{\"@type\":\"ListItem\",\"position\":3,\"name\":\"Fret a\u00e9rien\"}]},{\"@type\":\"WebSite\",\"@id\":\"https:\/\/www.kreyolfret.com\/#website\",\"url\":\"https:\/\/www.kreyolfret.com\/\",\"name\":\"Kreyol Fret\",\"description\":\"Exp\u00e9dition de colis et fret vers les Antilles\",\"publisher\":{\"@id\":\"https:\/\/www.kreyolfret.com\/#organization\"},\"potentialAction\":[{\"@type\":\"SearchAction\",\"target\":{\"@type\":\"EntryPoint\",\"urlTemplate\":\"https:\/\/www.kreyolfret.com\/?s={search_term_string}\"},\"query-input\":{\"@type\":\"PropertyValueSpecification\",\"valueRequired\":true,\"valueName\":\"search_term_string\"}}],\"inLanguage\":\"fr-FR\"},{\"@type\":\"Organization\",\"@id\":\"https:\/\/www.kreyolfret.com\/#organization\",\"name\":\"Kreyol Fret\",\"url\":\"https:\/\/www.kreyolfret.com\/\",\"logo\":{\"@type\":\"ImageObject\",\"inLanguage\":\"fr-FR\",\"@id\":\"https:\/\/www.kreyolfret.com\/#\/schema\/logo\/image\/\",\"url\":\"https:\/\/www.kreyolfret.com\/wp-content\/uploads\/2025\/02\/cropped-Logo-Kreyol-Fret.png\",\"contentUrl\":\"https:\/\/www.kreyolfret.com\/wp-content\/uploads\/2025\/02\/cropped-Logo-Kreyol-Fret.png\",\"width\":698,\"height\":574,\"caption\":\"Kreyol Fret\"},\"image\":{\"@id\":\"https:\/\/www.kreyolfret.com\/#\/schema\/logo\/image\/\"},\"sameAs\":[\"https:\/\/www.facebook.com\/profile.php?id=61566351793092\",\"https:\/\/www.instagram.com\/kreyol.fret\/\",\"https:\/\/www.linkedin.com\/in\/kreyol-fret-080a0332a\/\"]}]}<\/script>\n<!-- \/ Yoast SEO plugin. -->","yoast_head_json":{"title":"Fret a\u00e9rien - Kreyol Fret","description":"Kreyol Fret, votre partenaire de confiance pour l\u2019exp\u00e9dition s\u00e9curis\u00e9e de colis et de fret vers les Antilles.","robots":{"index":"index","follow":"follow","max-snippet":"max-snippet:-1","max-image-preview":"max-image-preview:large","max-video-preview":"max-video-preview:-1"},"canonical":"https:\/\/www.kreyolfret.com\/index.php\/services\/fret-aerien\/","og_locale":"fr_FR","og_type":"article","og_title":"Fret a\u00e9rien - Kreyol Fret","og_description":"Kreyol Fret, votre partenaire de confiance pour l\u2019exp\u00e9dition s\u00e9curis\u00e9e de colis et de fret vers les Antilles.","og_url":"https:\/\/www.kreyolfret.com\/index.php\/services\/fret-aerien\/","og_site_name":"Kreyol Fret","article_publisher":"https:\/\/www.facebook.com\/profile.php?id=61566351793092","article_modified_time":"2025-03-16T13:43:12+00:00","og_image":[{"url":"https:\/\/demo.awaikenthemes.com\/theme-aerologix\/wp-content\/uploads\/2024\/04\/service-2.jpg","type":"","width":"","height":""}],"twitter_card":"summary_large_image","twitter_misc":{"Dur\u00e9e de lecture estim\u00e9e":"1 minute"},"schema":{"@context":"https:\/\/schema.org","@graph":[{"@type":"WebPage","@id":"https:\/\/www.kreyolfret.com\/index.php\/services\/fret-aerien\/","url":"https:\/\/www.kreyolfret.com\/index.php\/services\/fret-aerien\/","name":"Fret a\u00e9rien - Kreyol Fret","isPartOf":{"@id":"https:\/\/www.kreyolfret.com\/#website"},"primaryImageOfPage":{"@id":"https:\/\/www.kreyolfret.com\/index.php\/services\/fret-aerien\/#primaryimage"},"image":{"@id":"https:\/\/www.kreyolfret.com\/index.php\/services\/fret-aerien\/#primaryimage"},"thumbnailUrl":"https:\/\/demo.awaikenthemes.com\/theme-aerologix\/wp-content\/uploads\/2024\/04\/service-2.jpg","datePublished":"2024-04-27T10:12:36+00:00","dateModified":"2025-03-16T13:43:12+00:00","description":"Kreyol Fret, votre partenaire de confiance pour l\u2019exp\u00e9dition s\u00e9curis\u00e9e de colis et de fret vers les Antilles.","breadcrumb":{"@id":"https:\/\/www.kreyolfret.com\/index.php\/services\/fret-aerien\/#breadcrumb"},"inLanguage":"fr-FR","potentialAction":[{"@type":"ReadAction","target":["https:\/\/www.kreyolfret.com\/index.php\/services\/fret-aerien\/"]}]},{"@type":"ImageObject","inLanguage":"fr-FR","@id":"https:\/\/www.kreyolfret.com\/index.php\/services\/fret-aerien\/#primaryimage","url":"https:\/\/demo.awaikenthemes.com\/theme-aerologix\/wp-content\/uploads\/2024\/04\/service-2.jpg","contentUrl":"https:\/\/demo.awaikenthemes.com\/theme-aerologix\/wp-content\/uploads\/2024\/04\/service-2.jpg"},{"@type":"BreadcrumbList","@id":"https:\/\/www.kreyolfret.com\/index.php\/services\/fret-aerien\/#breadcrumb","itemListElement":[{"@type":"ListItem","position":1,"name":"Accueil","item":"https:\/\/www.kreyolfret.com\/"},{"@type":"ListItem","position":2,"name":"Services","item":"https:\/\/www.kreyolfret.com\/index.php\/services\/"},{"@type":"ListItem","position":3,"name":"Fret a\u00e9rien"}]},{"@type":"WebSite","@id":"https:\/\/www.kreyolfret.com\/#website","url":"https:\/\/www.kreyolfret.com\/","name":"Kreyol Fret","description":"Exp\u00e9dition de colis et fret vers les Antilles","publisher":{"@id":"https:\/\/www.kreyolfret.com\/#organization"},"potentialAction":[{"@type":"SearchAction","target":{"@type":"EntryPoint","urlTemplate":"https:\/\/www.kreyolfret.com\/?s={search_term_string}"},"query-input":{"@type":"PropertyValueSpecification","valueRequired":true,"valueName":"search_term_string"}}],"inLanguage":"fr-FR"},{"@type":"Organization","@id":"https:\/\/www.kreyolfret.com\/#organization","name":"Kreyol Fret","url":"https:\/\/www.kreyolfret.com\/","logo":{"@type":"ImageObject","inLanguage":"fr-FR","@id":"https:\/\/www.kreyolfret.com\/#\/schema\/logo\/image\/","url":"https:\/\/www.kreyolfret.com\/wp-content\/uploads\/2025\/02\/cropped-Logo-Kreyol-Fret.png","contentUrl":"https:\/\/www.kreyolfret.com\/wp-content\/uploads\/2025\/02\/cropped-Logo-Kreyol-Fret.png","width":698,"height":574,"caption":"Kreyol Fret"},"image":{"@id":"https:\/\/www.kreyolfret.com\/#\/schema\/logo\/image\/"},"sameAs":["https:\/\/www.facebook.com\/profile.php?id=61566351793092","https:\/\/www.instagram.com\/kreyol.fret\/","https:\/\/www.linkedin.com\/in\/kreyol-fret-080a0332a\/"]}]}},"jetpack_sharing_enabled":true,"_links":{"self":[{"href":"https:\/\/www.kreyolfret.com\/index.php\/wp-json\/wp\/v2\/pages\/5300","targetHints":{"allow":["GET"]}}],"collection":[{"href":"https:\/\/www.kreyolfret.com\/index.php\/wp-json\/wp\/v2\/pages"}],"about":[{"href":"https:\/\/www.kreyolfret.com\/index.php\/wp-json\/wp\/v2\/types\/page"}],"author":[{"embeddable":true,"href":"https:\/\/www.kreyolfret.com\/index.php\/wp-json\/wp\/v2\/users\/1"}],"replies":[{"embeddable":true,"href":"https:\/\/www.kreyolfret.com\/index.php\/wp-json\/wp\/v2\/comments?post=5300"}],"version-history":[{"count":16,"href":"https:\/\/www.kreyolfret.com\/index.php\/wp-json\/wp\/v2\/pages\/5300\/revisions"}],"predecessor-version":[{"id":6073,"href":"https:\/\/www.kreyolfret.com\/index.php\/wp-json\/wp\/v2\/pages\/5300\/revisions\/6073"}],"up":[{"embeddable":true,"href":"https:\/\/www.kreyolfret.com\/index.php\/wp-json\/wp\/v2\/pages\/856"}],"wp:attachment":[{"href":"https:\/\/www.kreyolfret.com\/index.php\/wp-json\/wp\/v2\/media?parent=5300"}],"curies":[{"name":"wp","href":"https:\/\/api.w.org\/{rel}","templated":true}]}}