{"id":73,"date":"2024-04-12T11:02:38","date_gmt":"2024-04-12T11:02:38","guid":{"rendered":"https:\/\/demo.awaikenthemes.com\/theme-aerologix\/?page_id=73"},"modified":"2025-03-25T11:46:24","modified_gmt":"2025-03-25T10:46:24","slug":"qui-sommes-nous","status":"publish","type":"page","link":"https:\/\/www.kreyolfret.com\/index.php\/qui-sommes-nous\/","title":{"rendered":"Qui sommes-nous"},"content":{"rendered":"\t\t<div data-elementor-type=\"wp-page\" data-elementor-id=\"73\" class=\"elementor elementor-73\">\n\t\t\t\t<div class=\"elementor-element elementor-element-0c503d3 e-flex e-con-boxed e-con e-parent\" data-id=\"0c503d3\" data-element_type=\"container\" data-e-type=\"container\" data-settings=\"{&quot;background_background&quot;:&quot;classic&quot;}\">\n\t\t\t\t\t<div class=\"e-con-inner\">\n\t\t<div class=\"elementor-element elementor-element-63f536d e-flex e-con-boxed e-con e-child\" data-id=\"63f536d\" data-element_type=\"container\" data-e-type=\"container\">\n\t\t\t\t\t<div class=\"e-con-inner\">\n\t\t\t\t<div class=\"elementor-element elementor-element-4eb8e04 at-heading-animation at-animation-heading-style-3 elementor-widget elementor-widget-heading\" data-id=\"4eb8e04\" data-element_type=\"widget\" data-e-type=\"widget\" data-settings=\"{&quot;ekit_we_effect_on&quot;:&quot;none&quot;}\" data-widget_type=\"heading.default\">\n\t\t\t\t<div class=\"elementor-widget-container\">\n\t\t\t\t\t<h1 class=\"elementor-heading-title elementor-size-default\">Qui sommes-nous<\/h1>\t\t\t\t<\/div>\n\t\t\t\t<\/div>\n\t\t\t\t\t<\/div>\n\t\t\t\t<\/div>\n\t\t\t\t\t<\/div>\n\t\t\t\t<\/div>\n\t\t<div class=\"elementor-element elementor-element-6748b0e e-flex e-con-boxed e-con e-parent\" data-id=\"6748b0e\" data-element_type=\"container\" data-e-type=\"container\">\n\t\t\t\t\t<div class=\"e-con-inner\">\n\t\t<div class=\"elementor-element elementor-element-c605615 e-con-full e-flex e-con e-child\" data-id=\"c605615\" data-element_type=\"container\" data-e-type=\"container\">\n\t\t\t\t<div class=\"elementor-element elementor-element-d4c4a8b br-tablet-none at-heading-animation at-animation-heading-style-3 elementor-widget elementor-widget-heading\" data-id=\"d4c4a8b\" data-element_type=\"widget\" data-e-type=\"widget\" data-settings=\"{&quot;ekit_we_effect_on&quot;:&quot;none&quot;}\" data-widget_type=\"heading.default\">\n\t\t\t\t<div class=\"elementor-widget-container\">\n\t\t\t\t\t<h2 class=\"elementor-heading-title elementor-size-default\">Qui est <br><span>Kreyol Fret ?<\/span> <\/h2>\t\t\t\t<\/div>\n\t\t\t\t<\/div>\n\t\t\t\t<div class=\"elementor-element elementor-element-49bc9bc elementor-invisible elementor-widget elementor-widget-text-editor\" data-id=\"49bc9bc\" data-element_type=\"widget\" data-e-type=\"widget\" data-settings=\"{&quot;_animation&quot;:&quot;fadeInUp&quot;,&quot;_animation_delay&quot;:100,&quot;ekit_we_effect_on&quot;:&quot;none&quot;}\" data-widget_type=\"text-editor.default\">\n\t\t\t\t<div class=\"elementor-widget-container\">\n\t\t\t\t\t\t\t\t\t<div dir=\"auto\">Kreyol Fret est une entreprise de fret et d&rsquo;organisation de transport.<\/div><div dir=\"auto\">Bas\u00e9e \u00e0 Toulouse, nous organisons l&rsquo;exp\u00e9dition de vos effets personnels, vos colis, vos exc\u00e9dents de bagages ainsi que vos v\u00e9hicules par voie a\u00e9rienne ou maritime.<\/div><div dir=\"auto\">\u00a0<\/div><div dir=\"auto\">Et pour cela, nous r\u00e9alisons des enl\u00e8vements \u00e0 votre domicile dans toutes les r\u00e9gions et villes de France et g\u00e9rons les exp\u00e9ditions de vos colis et de vos v\u00e9hicules \u00e0 destination de la Martinique et de la Guadeloupe.\u00a0\u00a0\u00a0\u00a0<\/div><div dir=\"auto\">Nous sommes pr\u00e9sents et disponibles pour vous conseiller, vous aider dans votre d\u00e9marche mais c\u2019est vous, client, qui choisissez le mode d&rsquo;exp\u00e9dition qui vous convient.<\/div>\t\t\t\t\t\t\t\t<\/div>\n\t\t\t\t<\/div>\n\t\t<div class=\"elementor-element elementor-element-06b1e84 e-con-full e-flex elementor-invisible e-con e-child\" data-id=\"06b1e84\" data-element_type=\"container\" data-e-type=\"container\" data-settings=\"{&quot;animation&quot;:&quot;fadeInUp&quot;,&quot;animation_delay&quot;:200}\">\n\t\t\t\t<div class=\"elementor-element elementor-element-a229c75 elementor-position-inline-start elementor-widget__width-auto elementor-mobile-position-inline-start elementor-view-stacked elementor-shape-circle elementor-widget elementor-widget-icon-box\" data-id=\"a229c75\" data-element_type=\"widget\" data-e-type=\"widget\" data-settings=\"{&quot;ekit_we_effect_on&quot;:&quot;none&quot;}\" data-widget_type=\"icon-box.default\">\n\t\t\t\t<div class=\"elementor-widget-container\">\n\t\t\t\t\t\t\t<div class=\"elementor-icon-box-wrapper\">\n\n\t\t\t\t\t\t<div class=\"elementor-icon-box-icon\">\n\t\t\t\t<a href=\"tel:+33607017498\" class=\"elementor-icon\" tabindex=\"-1\" aria-label=\"T\u00e9l\u00e9phone\">\n\t\t\t\t<i aria-hidden=\"true\" class=\"fas fa-phone-alt\"><\/i>\t\t\t\t<\/a>\n\t\t\t<\/div>\n\t\t\t\n\t\t\t\t\t\t<div class=\"elementor-icon-box-content\">\n\n\t\t\t\t\t\t\t\t\t<div class=\"elementor-icon-box-title\">\n\t\t\t\t\t\t<a href=\"tel:+33607017498\" >\n\t\t\t\t\t\t\tT\u00e9l\u00e9phone\t\t\t\t\t\t<\/a>\n\t\t\t\t\t<\/div>\n\t\t\t\t\n\t\t\t\t\t\t\t\t\t<p class=\"elementor-icon-box-description\">\n\t\t\t\t\t\t+33607017498\t\t\t\t\t<\/p>\n\t\t\t\t\n\t\t\t<\/div>\n\t\t\t\n\t\t<\/div>\n\t\t\t\t\t\t<\/div>\n\t\t\t\t<\/div>\n\t\t\t\t<\/div>\n\t\t\t\t<\/div>\n\t\t<div class=\"elementor-element elementor-element-77f3c7c e-con-full e-flex e-con e-child\" data-id=\"77f3c7c\" data-element_type=\"container\" data-e-type=\"container\" data-settings=\"{&quot;background_background&quot;:&quot;classic&quot;}\">\n\t\t\t\t<div class=\"elementor-element elementor-element-af3c905 at-image-animation at-animation-image-style-1 image-anime elementor-widget elementor-widget-image\" data-id=\"af3c905\" data-element_type=\"widget\" data-e-type=\"widget\" data-settings=\"{&quot;ekit_we_effect_on&quot;:&quot;none&quot;}\" data-widget_type=\"image.default\">\n\t\t\t\t<div class=\"elementor-widget-container\">\n\t\t\t\t\t\t\t\t\t\t\t\t\t\t\t<img fetchpriority=\"high\" decoding=\"async\" width=\"930\" height=\"620\" src=\"https:\/\/www.kreyolfret.com\/wp-content\/uploads\/2024\/09\/homme-fret.png\" class=\"attachment-full size-full wp-image-5701\" alt=\"\" srcset=\"https:\/\/www.kreyolfret.com\/wp-content\/uploads\/2024\/09\/homme-fret.png 930w, https:\/\/www.kreyolfret.com\/wp-content\/uploads\/2024\/09\/homme-fret-300x200.png 300w, https:\/\/www.kreyolfret.com\/wp-content\/uploads\/2024\/09\/homme-fret-768x512.png 768w\" sizes=\"(max-width: 930px) 100vw, 930px\" \/>\t\t\t\t\t\t\t\t\t\t\t\t\t\t\t<\/div>\n\t\t\t\t<\/div>\n\t\t\t\t<div class=\"elementor-element elementor-element-f5120d8 elementor-absolute image-anime at-image-animation at-animation-image-none elementor-widget elementor-widget-image\" data-id=\"f5120d8\" data-element_type=\"widget\" data-e-type=\"widget\" data-settings=\"{&quot;_position&quot;:&quot;absolute&quot;,&quot;ekit_we_effect_on&quot;:&quot;none&quot;}\" data-widget_type=\"image.default\">\n\t\t\t\t<div class=\"elementor-widget-container\">\n\t\t\t\t\t\t\t\t\t\t\t\t\t\t\t<img decoding=\"async\" width=\"930\" height=\"620\" src=\"https:\/\/www.kreyolfret.com\/wp-content\/uploads\/2024\/09\/Avion-aeroport.png\" class=\"attachment-full size-full wp-image-5707\" alt=\"\" srcset=\"https:\/\/www.kreyolfret.com\/wp-content\/uploads\/2024\/09\/Avion-aeroport.png 930w, https:\/\/www.kreyolfret.com\/wp-content\/uploads\/2024\/09\/Avion-aeroport-300x200.png 300w, https:\/\/www.kreyolfret.com\/wp-content\/uploads\/2024\/09\/Avion-aeroport-768x512.png 768w\" sizes=\"(max-width: 930px) 100vw, 930px\" \/>\t\t\t\t\t\t\t\t\t\t\t\t\t\t\t<\/div>\n\t\t\t\t<\/div>\n\t\t\t\t<\/div>\n\t\t\t\t\t<\/div>\n\t\t\t\t<\/div>\n\t\t<div class=\"elementor-element elementor-element-a12e74a e-flex e-con-boxed e-con e-parent\" data-id=\"a12e74a\" data-element_type=\"container\" data-e-type=\"container\">\n\t\t\t\t\t<div class=\"e-con-inner\">\n\t\t\t\t<div class=\"elementor-element elementor-element-dd7e67e at-heading-animation at-animation-heading-style-2 elementor-widget elementor-widget-heading\" data-id=\"dd7e67e\" data-element_type=\"widget\" data-e-type=\"widget\" data-settings=\"{&quot;ekit_we_effect_on&quot;:&quot;none&quot;}\" data-widget_type=\"heading.default\">\n\t\t\t\t<div class=\"elementor-widget-container\">\n\t\t\t\t\t<h2 class=\"elementor-heading-title elementor-size-default\">Nos valeurs<\/h2>\t\t\t\t<\/div>\n\t\t\t\t<\/div>\n\t\t\t\t\t<\/div>\n\t\t\t\t<\/div>\n\t\t<div class=\"elementor-element elementor-element-66e6259 e-flex e-con-boxed e-con e-parent\" data-id=\"66e6259\" data-element_type=\"container\" data-e-type=\"container\">\n\t\t\t\t\t<div class=\"e-con-inner\">\n\t\t<div class=\"elementor-element elementor-element-7e95c31 e-con-full e-flex e-con e-child\" data-id=\"7e95c31\" data-element_type=\"container\" data-e-type=\"container\">\n\t\t\t\t<div class=\"elementor-element elementor-element-980feed elementor-align-center elementor-icon-list--layout-traditional elementor-list-item-link-full_width elementor-widget elementor-widget-icon-list\" data-id=\"980feed\" data-element_type=\"widget\" data-e-type=\"widget\" data-settings=\"{&quot;ekit_we_effect_on&quot;:&quot;none&quot;}\" data-widget_type=\"icon-list.default\">\n\t\t\t\t<div class=\"elementor-widget-container\">\n\t\t\t\t\t\t\t<ul class=\"elementor-icon-list-items\">\n\t\t\t\t\t\t\t<li class=\"elementor-icon-list-item\">\n\t\t\t\t\t\t\t\t\t\t<span class=\"elementor-icon-list-text\">Disponibilit\u00e9<\/span>\n\t\t\t\t\t\t\t\t\t<\/li>\n\t\t\t\t\t\t\t\t<li class=\"elementor-icon-list-item\">\n\t\t\t\t\t\t\t\t\t\t<span class=\"elementor-icon-list-text\">Engagement<\/span>\n\t\t\t\t\t\t\t\t\t<\/li>\n\t\t\t\t\t\t\t\t<li class=\"elementor-icon-list-item\">\n\t\t\t\t\t\t\t\t\t\t<span class=\"elementor-icon-list-text\">Respect<\/span>\n\t\t\t\t\t\t\t\t\t<\/li>\n\t\t\t\t\t\t<\/ul>\n\t\t\t\t\t\t<\/div>\n\t\t\t\t<\/div>\n\t\t\t\t<\/div>\n\t\t<div class=\"elementor-element elementor-element-4e3b32a e-con-full e-flex e-con e-child\" data-id=\"4e3b32a\" data-element_type=\"container\" data-e-type=\"container\">\n\t\t\t\t<div class=\"elementor-element elementor-element-3b5c55d elementor-align-center elementor-list-item-link-full_width elementor-widget elementor-widget-icon-list\" data-id=\"3b5c55d\" data-element_type=\"widget\" data-e-type=\"widget\" data-settings=\"{&quot;ekit_we_effect_on&quot;:&quot;none&quot;}\" data-widget_type=\"icon-list.default\">\n\t\t\t\t<div class=\"elementor-widget-container\">\n\t\t\t\t\t\t\t<ul class=\"elementor-icon-list-items\">\n\t\t\t\t\t\t\t<li class=\"elementor-icon-list-item\">\n\t\t\t\t\t\t\t\t\t\t<span class=\"elementor-icon-list-text\">R\u00e9activit\u00e9<\/span>\n\t\t\t\t\t\t\t\t\t<\/li>\n\t\t\t\t\t\t\t\t<li class=\"elementor-icon-list-item\">\n\t\t\t\t\t\t\t\t\t\t<span class=\"elementor-icon-list-text\">Confiance<\/span>\n\t\t\t\t\t\t\t\t\t<\/li>\n\t\t\t\t\t\t\t\t<li class=\"elementor-icon-list-item\">\n\t\t\t\t\t\t\t\t\t\t<span class=\"elementor-icon-list-text\">Assistance<\/span>\n\t\t\t\t\t\t\t\t\t<\/li>\n\t\t\t\t\t\t<\/ul>\n\t\t\t\t\t\t<\/div>\n\t\t\t\t<\/div>\n\t\t\t\t<\/div>\n\t\t\t\t\t<\/div>\n\t\t\t\t<\/div>\n\t\t<div class=\"elementor-element elementor-element-987f662 e-flex e-con-boxed e-con e-parent\" data-id=\"987f662\" data-element_type=\"container\" data-e-type=\"container\">\n\t\t\t\t\t<div class=\"e-con-inner\">\n\t\t<div class=\"elementor-element elementor-element-a9c6e1f e-flex e-con-boxed e-con e-child\" data-id=\"a9c6e1f\" data-element_type=\"container\" data-e-type=\"container\">\n\t\t\t\t\t<div class=\"e-con-inner\">\n\t\t\t\t\t<\/div>\n\t\t\t\t<\/div>\n\t\t\t\t\t<\/div>\n\t\t\t\t<\/div>\n\t\t<div class=\"elementor-element elementor-element-b9c8556 e-flex e-con-boxed e-con e-parent\" data-id=\"b9c8556\" data-element_type=\"container\" data-e-type=\"container\" data-settings=\"{&quot;background_background&quot;:&quot;classic&quot;,&quot;ekit_section_parallax_bg&quot;:&quot;yes&quot;,&quot;ekit_section_parallax_bg_speed&quot;:0.5}\">\n\t\t\t\t\t<div class=\"e-con-inner\">\n\t\t<div class=\"elementor-element elementor-element-2c3d6a0 e-con-full e-flex e-con e-child\" data-id=\"2c3d6a0\" data-element_type=\"container\" data-e-type=\"container\" data-settings=\"{&quot;background_background&quot;:&quot;classic&quot;}\">\n\t\t\t\t<div class=\"elementor-element elementor-element-ee4d6ff elementor-widget-mobile__width-inherit at-heading-animation at-animation-heading-style-3 elementor-widget elementor-widget-heading\" data-id=\"ee4d6ff\" data-element_type=\"widget\" data-e-type=\"widget\" data-settings=\"{&quot;ekit_we_effect_on&quot;:&quot;none&quot;}\" data-widget_type=\"heading.default\">\n\t\t\t\t<div class=\"elementor-widget-container\">\n\t\t\t\t\t<h2 class=\"elementor-heading-title elementor-size-default\">Kreyol Fret\n<\/h2>\t\t\t\t<\/div>\n\t\t\t\t<\/div>\n\t\t\t\t<div class=\"elementor-element elementor-element-86694db elementor-invisible elementor-widget elementor-widget-text-editor\" data-id=\"86694db\" data-element_type=\"widget\" data-e-type=\"widget\" data-settings=\"{&quot;_animation&quot;:&quot;fadeInUp&quot;,&quot;_animation_delay&quot;:100,&quot;ekit_we_effect_on&quot;:&quot;none&quot;}\" data-widget_type=\"text-editor.default\">\n\t\t\t\t<div class=\"elementor-widget-container\">\n\t\t\t\t\t\t\t\t\t<p>Votre Expert en Affr\u00e8tement et Transport en Martinique et Guadeloupe<\/p>\t\t\t\t\t\t\t\t<\/div>\n\t\t\t\t<\/div>\n\t\t\t\t<div class=\"elementor-element elementor-element-ddaa8ff elementor-widget__width-auto elementor-invisible elementor-widget elementor-widget-elementskit-creative-button\" data-id=\"ddaa8ff\" data-element_type=\"widget\" data-e-type=\"widget\" data-settings=\"{&quot;_animation&quot;:&quot;fadeInUp&quot;,&quot;_animation_delay&quot;:200,&quot;ekit_we_effect_on&quot;:&quot;none&quot;}\" data-widget_type=\"elementskit-creative-button.default\">\n\t\t\t\t<div class=\"elementor-widget-container\">\n\t\t\t\t\t<div class=\"ekit-wid-con\" >\t\t<div class=\"ekit-btn-wraper\">\n\t\t\t\t\t\t\t\t<a href=\"https:\/\/kreyolfret.com\/index.php\/contactez-nous\/\" class=\"ekit_creative_button ekit_position_aware\" id=\"\" data-text=\"\">\n\n\t\t\t\t\t\t\t\t\t\t\t\t\t\t\t\t\t\t\t\n\t\t\t\t\t\t<span class=\"ekit_creative_button_text\">Contactez-nous<\/span>\n\n\t\t\t\t\t\t\n\t\t\t\t\t\t<span class='ekit_position_aware_bg'><\/span>\t\t\t\t\t<\/a>\n\t\t\t\t\t\t<\/div>\n        <\/div>\t\t\t\t<\/div>\n\t\t\t\t<\/div>\n\t\t\t\t<\/div>\n\t\t\t\t\t<\/div>\n\t\t\t\t<\/div>\n\t\t\t\t<\/div>\n\t\t","protected":false},"excerpt":{"rendered":"<p>Qui sommes-nous Qui est Kreyol Fret ? Kreyol Fret est une entreprise de fret et d&rsquo;organisation de transport.Bas\u00e9e \u00e0 Toulouse, nous organisons l&rsquo;exp\u00e9dition de vos effets personnels, vos colis, vos exc\u00e9dents de bagages ainsi que vos v\u00e9hicules par voie a\u00e9rienne ou maritime.\u00a0Et pour cela, nous r\u00e9alisons des enl\u00e8vements \u00e0 votre domicile dans toutes les r\u00e9gions [&hellip;]<\/p>\n","protected":false},"author":1,"featured_media":0,"parent":0,"menu_order":0,"comment_status":"closed","ping_status":"closed","template":"elementor_header_footer","meta":{"footnotes":""},"class_list":["post-73","page","type-page","status-publish","hentry"],"yoast_head":"<!-- This site is optimized with the Yoast SEO plugin v27.2 - https:\/\/yoast.com\/product\/yoast-seo-wordpress\/ -->\n<title>Qui sommes-nous - Kreyol Fret<\/title>\n<meta name=\"description\" content=\"Kreyol Fret, votre partenaire de confiance pour l\u2019exp\u00e9dition s\u00e9curis\u00e9e de colis et de fret vers les Antilles.\" \/>\n<meta name=\"robots\" content=\"index, follow, max-snippet:-1, max-image-preview:large, max-video-preview:-1\" \/>\n<link rel=\"canonical\" href=\"https:\/\/www.kreyolfret.com\/index.php\/qui-sommes-nous\/\" \/>\n<meta property=\"og:locale\" content=\"fr_FR\" \/>\n<meta property=\"og:type\" content=\"article\" \/>\n<meta property=\"og:title\" content=\"Qui sommes-nous - Kreyol Fret\" \/>\n<meta property=\"og:description\" content=\"Kreyol Fret, votre partenaire de confiance pour l\u2019exp\u00e9dition s\u00e9curis\u00e9e de colis et de fret vers les Antilles.\" \/>\n<meta property=\"og:url\" content=\"https:\/\/www.kreyolfret.com\/index.php\/qui-sommes-nous\/\" \/>\n<meta property=\"og:site_name\" content=\"Kreyol Fret\" \/>\n<meta property=\"article:publisher\" content=\"https:\/\/www.facebook.com\/profile.php?id=61566351793092\" \/>\n<meta property=\"article:modified_time\" content=\"2025-03-25T10:46:24+00:00\" \/>\n<meta property=\"og:image\" content=\"https:\/\/www.kreyolfret.com\/wp-content\/uploads\/2024\/09\/homme-fret.png\" \/>\n\t<meta property=\"og:image:width\" content=\"930\" \/>\n\t<meta property=\"og:image:height\" content=\"620\" \/>\n\t<meta property=\"og:image:type\" content=\"image\/png\" \/>\n<meta name=\"twitter:card\" content=\"summary_large_image\" \/>\n<meta name=\"twitter:label1\" content=\"Dur\u00e9e de lecture estim\u00e9e\" \/>\n\t<meta name=\"twitter:data1\" content=\"2 minutes\" \/>\n<script type=\"application\/ld+json\" class=\"yoast-schema-graph\">{\"@context\":\"https:\/\/schema.org\",\"@graph\":[{\"@type\":\"WebPage\",\"@id\":\"https:\/\/www.kreyolfret.com\/index.php\/qui-sommes-nous\/\",\"url\":\"https:\/\/www.kreyolfret.com\/index.php\/qui-sommes-nous\/\",\"name\":\"Qui sommes-nous - Kreyol Fret\",\"isPartOf\":{\"@id\":\"https:\/\/www.kreyolfret.com\/#website\"},\"primaryImageOfPage\":{\"@id\":\"https:\/\/www.kreyolfret.com\/index.php\/qui-sommes-nous\/#primaryimage\"},\"image\":{\"@id\":\"https:\/\/www.kreyolfret.com\/index.php\/qui-sommes-nous\/#primaryimage\"},\"thumbnailUrl\":\"https:\/\/www.kreyolfret.com\/wp-content\/uploads\/2024\/09\/homme-fret.png\",\"datePublished\":\"2024-04-12T11:02:38+00:00\",\"dateModified\":\"2025-03-25T10:46:24+00:00\",\"description\":\"Kreyol Fret, votre partenaire de confiance pour l\u2019exp\u00e9dition s\u00e9curis\u00e9e de colis et de fret vers les Antilles.\",\"breadcrumb\":{\"@id\":\"https:\/\/www.kreyolfret.com\/index.php\/qui-sommes-nous\/#breadcrumb\"},\"inLanguage\":\"fr-FR\",\"potentialAction\":[{\"@type\":\"ReadAction\",\"target\":[\"https:\/\/www.kreyolfret.com\/index.php\/qui-sommes-nous\/\"]}]},{\"@type\":\"ImageObject\",\"inLanguage\":\"fr-FR\",\"@id\":\"https:\/\/www.kreyolfret.com\/index.php\/qui-sommes-nous\/#primaryimage\",\"url\":\"https:\/\/www.kreyolfret.com\/wp-content\/uploads\/2024\/09\/homme-fret.png\",\"contentUrl\":\"https:\/\/www.kreyolfret.com\/wp-content\/uploads\/2024\/09\/homme-fret.png\",\"width\":930,\"height\":620},{\"@type\":\"BreadcrumbList\",\"@id\":\"https:\/\/www.kreyolfret.com\/index.php\/qui-sommes-nous\/#breadcrumb\",\"itemListElement\":[{\"@type\":\"ListItem\",\"position\":1,\"name\":\"Accueil\",\"item\":\"https:\/\/www.kreyolfret.com\/\"},{\"@type\":\"ListItem\",\"position\":2,\"name\":\"Qui sommes-nous\"}]},{\"@type\":\"WebSite\",\"@id\":\"https:\/\/www.kreyolfret.com\/#website\",\"url\":\"https:\/\/www.kreyolfret.com\/\",\"name\":\"Kreyol Fret\",\"description\":\"Exp\u00e9dition de colis et fret vers les Antilles\",\"publisher\":{\"@id\":\"https:\/\/www.kreyolfret.com\/#organization\"},\"potentialAction\":[{\"@type\":\"SearchAction\",\"target\":{\"@type\":\"EntryPoint\",\"urlTemplate\":\"https:\/\/www.kreyolfret.com\/?s={search_term_string}\"},\"query-input\":{\"@type\":\"PropertyValueSpecification\",\"valueRequired\":true,\"valueName\":\"search_term_string\"}}],\"inLanguage\":\"fr-FR\"},{\"@type\":\"Organization\",\"@id\":\"https:\/\/www.kreyolfret.com\/#organization\",\"name\":\"Kreyol Fret\",\"url\":\"https:\/\/www.kreyolfret.com\/\",\"logo\":{\"@type\":\"ImageObject\",\"inLanguage\":\"fr-FR\",\"@id\":\"https:\/\/www.kreyolfret.com\/#\/schema\/logo\/image\/\",\"url\":\"https:\/\/www.kreyolfret.com\/wp-content\/uploads\/2025\/02\/cropped-Logo-Kreyol-Fret.png\",\"contentUrl\":\"https:\/\/www.kreyolfret.com\/wp-content\/uploads\/2025\/02\/cropped-Logo-Kreyol-Fret.png\",\"width\":698,\"height\":574,\"caption\":\"Kreyol Fret\"},\"image\":{\"@id\":\"https:\/\/www.kreyolfret.com\/#\/schema\/logo\/image\/\"},\"sameAs\":[\"https:\/\/www.facebook.com\/profile.php?id=61566351793092\",\"https:\/\/www.instagram.com\/kreyol.fret\/\",\"https:\/\/www.linkedin.com\/in\/kreyol-fret-080a0332a\/\"]}]}<\/script>\n<!-- \/ Yoast SEO plugin. -->","yoast_head_json":{"title":"Qui sommes-nous - Kreyol Fret","description":"Kreyol Fret, votre partenaire de confiance pour l\u2019exp\u00e9dition s\u00e9curis\u00e9e de colis et de fret vers les Antilles.","robots":{"index":"index","follow":"follow","max-snippet":"max-snippet:-1","max-image-preview":"max-image-preview:large","max-video-preview":"max-video-preview:-1"},"canonical":"https:\/\/www.kreyolfret.com\/index.php\/qui-sommes-nous\/","og_locale":"fr_FR","og_type":"article","og_title":"Qui sommes-nous - Kreyol Fret","og_description":"Kreyol Fret, votre partenaire de confiance pour l\u2019exp\u00e9dition s\u00e9curis\u00e9e de colis et de fret vers les Antilles.","og_url":"https:\/\/www.kreyolfret.com\/index.php\/qui-sommes-nous\/","og_site_name":"Kreyol Fret","article_publisher":"https:\/\/www.facebook.com\/profile.php?id=61566351793092","article_modified_time":"2025-03-25T10:46:24+00:00","og_image":[{"width":930,"height":620,"url":"https:\/\/www.kreyolfret.com\/wp-content\/uploads\/2024\/09\/homme-fret.png","type":"image\/png"}],"twitter_card":"summary_large_image","twitter_misc":{"Dur\u00e9e de lecture estim\u00e9e":"2 minutes"},"schema":{"@context":"https:\/\/schema.org","@graph":[{"@type":"WebPage","@id":"https:\/\/www.kreyolfret.com\/index.php\/qui-sommes-nous\/","url":"https:\/\/www.kreyolfret.com\/index.php\/qui-sommes-nous\/","name":"Qui sommes-nous - Kreyol Fret","isPartOf":{"@id":"https:\/\/www.kreyolfret.com\/#website"},"primaryImageOfPage":{"@id":"https:\/\/www.kreyolfret.com\/index.php\/qui-sommes-nous\/#primaryimage"},"image":{"@id":"https:\/\/www.kreyolfret.com\/index.php\/qui-sommes-nous\/#primaryimage"},"thumbnailUrl":"https:\/\/www.kreyolfret.com\/wp-content\/uploads\/2024\/09\/homme-fret.png","datePublished":"2024-04-12T11:02:38+00:00","dateModified":"2025-03-25T10:46:24+00:00","description":"Kreyol Fret, votre partenaire de confiance pour l\u2019exp\u00e9dition s\u00e9curis\u00e9e de colis et de fret vers les Antilles.","breadcrumb":{"@id":"https:\/\/www.kreyolfret.com\/index.php\/qui-sommes-nous\/#breadcrumb"},"inLanguage":"fr-FR","potentialAction":[{"@type":"ReadAction","target":["https:\/\/www.kreyolfret.com\/index.php\/qui-sommes-nous\/"]}]},{"@type":"ImageObject","inLanguage":"fr-FR","@id":"https:\/\/www.kreyolfret.com\/index.php\/qui-sommes-nous\/#primaryimage","url":"https:\/\/www.kreyolfret.com\/wp-content\/uploads\/2024\/09\/homme-fret.png","contentUrl":"https:\/\/www.kreyolfret.com\/wp-content\/uploads\/2024\/09\/homme-fret.png","width":930,"height":620},{"@type":"BreadcrumbList","@id":"https:\/\/www.kreyolfret.com\/index.php\/qui-sommes-nous\/#breadcrumb","itemListElement":[{"@type":"ListItem","position":1,"name":"Accueil","item":"https:\/\/www.kreyolfret.com\/"},{"@type":"ListItem","position":2,"name":"Qui sommes-nous"}]},{"@type":"WebSite","@id":"https:\/\/www.kreyolfret.com\/#website","url":"https:\/\/www.kreyolfret.com\/","name":"Kreyol Fret","description":"Exp\u00e9dition de colis et fret vers les Antilles","publisher":{"@id":"https:\/\/www.kreyolfret.com\/#organization"},"potentialAction":[{"@type":"SearchAction","target":{"@type":"EntryPoint","urlTemplate":"https:\/\/www.kreyolfret.com\/?s={search_term_string}"},"query-input":{"@type":"PropertyValueSpecification","valueRequired":true,"valueName":"search_term_string"}}],"inLanguage":"fr-FR"},{"@type":"Organization","@id":"https:\/\/www.kreyolfret.com\/#organization","name":"Kreyol Fret","url":"https:\/\/www.kreyolfret.com\/","logo":{"@type":"ImageObject","inLanguage":"fr-FR","@id":"https:\/\/www.kreyolfret.com\/#\/schema\/logo\/image\/","url":"https:\/\/www.kreyolfret.com\/wp-content\/uploads\/2025\/02\/cropped-Logo-Kreyol-Fret.png","contentUrl":"https:\/\/www.kreyolfret.com\/wp-content\/uploads\/2025\/02\/cropped-Logo-Kreyol-Fret.png","width":698,"height":574,"caption":"Kreyol Fret"},"image":{"@id":"https:\/\/www.kreyolfret.com\/#\/schema\/logo\/image\/"},"sameAs":["https:\/\/www.facebook.com\/profile.php?id=61566351793092","https:\/\/www.instagram.com\/kreyol.fret\/","https:\/\/www.linkedin.com\/in\/kreyol-fret-080a0332a\/"]}]}},"jetpack_sharing_enabled":true,"_links":{"self":[{"href":"https:\/\/www.kreyolfret.com\/index.php\/wp-json\/wp\/v2\/pages\/73","targetHints":{"allow":["GET"]}}],"collection":[{"href":"https:\/\/www.kreyolfret.com\/index.php\/wp-json\/wp\/v2\/pages"}],"about":[{"href":"https:\/\/www.kreyolfret.com\/index.php\/wp-json\/wp\/v2\/types\/page"}],"author":[{"embeddable":true,"href":"https:\/\/www.kreyolfret.com\/index.php\/wp-json\/wp\/v2\/users\/1"}],"replies":[{"embeddable":true,"href":"https:\/\/www.kreyolfret.com\/index.php\/wp-json\/wp\/v2\/comments?post=73"}],"version-history":[{"count":58,"href":"https:\/\/www.kreyolfret.com\/index.php\/wp-json\/wp\/v2\/pages\/73\/revisions"}],"predecessor-version":[{"id":6165,"href":"https:\/\/www.kreyolfret.com\/index.php\/wp-json\/wp\/v2\/pages\/73\/revisions\/6165"}],"wp:attachment":[{"href":"https:\/\/www.kreyolfret.com\/index.php\/wp-json\/wp\/v2\/media?parent=73"}],"curies":[{"name":"wp","href":"https:\/\/api.w.org\/{rel}","templated":true}]}}